{"id":2,"date":"2015-09-04T22:03:26","date_gmt":"2015-09-04T22:03:26","guid":{"rendered":"http:\/\/agfsdxx.cluster121.hosting.ovh.net\/?page_id=2"},"modified":"2020-09-01T08:39:55","modified_gmt":"2020-09-01T08:39:55","slug":"o-mnie","status":"publish","type":"page","link":"https:\/\/diamanta.pl\/index.php\/o-mnie\/","title":{"rendered":"O mnie"},"content":{"rendered":"<p align=\"JUSTIFY\">\u00a0\u00a0\u00a0 Studia uko\u0144czy\u0142am na Wydziale Stomatologicznym \u015al\u0105skiej Akademii Medycznej w Zabrzu, sta\u017c podyplomowy odby\u0142am w Poliklinice MSWiA w Katowicach. Od pocz\u0105tku zg\u0142\u0119biania tajnik\u00f3w stomatologii szczeg\u00f3lnie interesowa\u0142a mnie ortodoncja oraz chirurgia stomatologiczna i\u00a0praca z dzie\u0107mi.<\/p>\n<p align=\"JUSTIFY\">\u00a0\u00a0\u00a0 W\u0142asny gabinet by\u0142 od dawna marzeniem d\u0142ugo czekaj\u0105cym na realizacj\u0119. Rozpoczynaj\u0105c prac\u0119 w nim chc\u0119 zajmowa\u0107 si\u0119 przyzwyczajaniem ma\u0142ego pacjenta do kontaktu ze stomatologiem, budowaniem zaufania oraz minimalizowaniem l\u0119ku. Cechuje mnie cierpliwo\u015b\u0107, \u017cyczliwo\u015b\u0107, nawi\u0105zywanie dobrych relacji oraz sumienno\u015b\u0107. W codziennej pracy zajmuj\u0119 si\u0119 tak\u017ce stomatologi\u0105 og\u00f3ln\u0105, protetyk\u0105, endodoncj\u0105 i elementami ortodoncji oraz medycyn\u0105 estetyczn\u0105. Uko\u0144czy\u0142am podyplomowe studia\u00a0w tej dziedzinie. Uczestnicz\u0119 w konferencjach kursach, szkoleniach, by uczy\u0107 si\u0119 od najlepszych i korzysta\u0107\u00a0z najnowszej wiedzy oraz doskonali\u0107 praktycznie.<\/p>\n<p align=\"JUSTIFY\">Poza prac\u0105 lubi\u0119 wycieczki g\u00f3rskie, podr\u00f3\u017ce, rysowanie oraz fotografowanie.<\/p>\n<h2 style=\"font-size: 12px;\">Chirurgia stomatologiczna Bytom<\/h2>\n","protected":false},"excerpt":{"rendered":"<p>\u00a0\u00a0\u00a0 Studia uko\u0144czy\u0142am na Wydziale Stomatologicznym \u015al\u0105skiej Akademii Medycznej w Zabrzu, sta\u017c podyplomowy odby\u0142am w Poliklinice MSWiA w Katowicach. Od pocz\u0105tku zg\u0142\u0119biania tajnik\u00f3w stomatologii szczeg\u00f3lnie interesowa\u0142a mnie ortodoncja oraz chirurgia stomatologiczna i\u00a0praca z dzie\u0107mi. \u00a0\u00a0\u00a0 W\u0142asny gabinet by\u0142 od dawna marzeniem d\u0142ugo czekaj\u0105cym na realizacj\u0119. Rozpoczynaj\u0105c prac\u0119 w nim chc\u0119 zajmowa\u0107 si\u0119 przyzwyczajaniem ma\u0142ego pacjenta [&hellip;]<\/p>\n","protected":false},"author":1,"featured_media":0,"parent":0,"menu_order":0,"comment_status":"closed","ping_status":"open","template":"","meta":{"footnotes":""},"class_list":["post-2","page","type-page","status-publish","hentry"],"_links":{"self":[{"href":"https:\/\/diamanta.pl\/index.php\/wp-json\/wp\/v2\/pages\/2","targetHints":{"allow":["GET"]}}],"collection":[{"href":"https:\/\/diamanta.pl\/index.php\/wp-json\/wp\/v2\/pages"}],"about":[{"href":"https:\/\/diamanta.pl\/index.php\/wp-json\/wp\/v2\/types\/page"}],"author":[{"embeddable":true,"href":"https:\/\/diamanta.pl\/index.php\/wp-json\/wp\/v2\/users\/1"}],"replies":[{"embeddable":true,"href":"https:\/\/diamanta.pl\/index.php\/wp-json\/wp\/v2\/comments?post=2"}],"version-history":[{"count":0,"href":"https:\/\/diamanta.pl\/index.php\/wp-json\/wp\/v2\/pages\/2\/revisions"}],"wp:attachment":[{"href":"https:\/\/diamanta.pl\/index.php\/wp-json\/wp\/v2\/media?parent=2"}],"curies":[{"name":"wp","href":"https:\/\/api.w.org\/{rel}","templated":true}]}}