{"id":21,"date":"2015-09-11T21:09:08","date_gmt":"2015-09-11T21:09:08","guid":{"rendered":"http:\/\/agfsdxx.cluster121.hosting.ovh.net\/?page_id=21"},"modified":"2026-02-27T11:04:54","modified_gmt":"2026-02-27T11:04:54","slug":"cennik","status":"publish","type":"page","link":"https:\/\/diamanta.pl\/index.php\/cennik\/","title":{"rendered":"Cennik"},"content":{"rendered":"<p><strong>\u00a0\u00a0\u00a0\u00a0\u00a0\u00a0\u00a0\u00a0\u00a0 Stomatologia zachowawcza<\/strong><\/p>\n<ul>\n<li>Badanie lekarskie stom. pierwszorazowe z instrukta\u017cem higieny jamy ustnej i om\u00f3wieniem planu leczenia &#8211; 150,00 &#8211; 200,00<\/li>\n<li>Opatrunek leczniczy w z\u0119bie sta\u0142ym lub mlecznym z opracowaniem &#8211; 150,00 &#8211; 250,00<\/li>\n<li>Wype\u0142nienie \u015bwiat\u0142outwardzalne materia\u0142em kompozytowym zale\u017cnie od wielko\u015bci &#8211; 250,00 &#8211; 590,00<\/li>\n<li>Odbudowa z\u0119ba kompozytem \u015bwiat\u0142outwardzalnym &#8211; 600,00 &#8211; 800,00<\/li>\n<li>Licowanie\/poszerzanie z\u0119ba kompozytem (plus wizyta kontrolna) &#8211; 700,00 &#8211; 800,00<\/li>\n<li>Zdj\u0119cie ma\u0142oobrazkowe RVG &#8211; 50,00<\/li>\n<li>Zdj\u0119cie panoramiczne OPG &#8211; 120,00<\/li>\n<li>Tomogafia sto\u017ckowa CBCT &#8211; 180,00 &#8211; 320,00<br \/>\n<hr \/>\n<p><strong>Endodoncja<\/strong><\/li>\n<li>Ekstyrpacja miazgi z\u0119ba &#8211; 300,00 &#8211; 400,00<\/li>\n<li>Opracowanie i ostateczne wype\u0142nienie jednego kana\u0142u &#8211; 500,00<\/li>\n<li>Wype\u0142nienie tymczasowe kana\u0142u lekami &#8211; 50,00<\/li>\n<li>Powt\u00f3rne leczenie endodontyczne &#8211; 650,00 &#8211; 800,00<\/li>\n<li>Usuni\u0119cie z\u0142amanego narz\u0119dzia &#8211; 600,00 &#8211; 1000,00<br \/>\n<hr \/>\n<p><strong>Chirurgia<\/strong><\/li>\n<li>Usuni\u0119cia z\u0119ba sta\u0142ego:<br \/>\n&#8211; prosty zabieg od 250,00<br \/>\n&#8211; trudny zabieg od 350,00<br \/>\n&#8211; z d\u0142utowaniem i separacj\u0105 korzeni od 600,00<\/li>\n<li>Usuni\u0119cie z\u0119ba mlecznego (zawiera znieczulenie) od 240,00<\/li>\n<li>Naci\u0119cie ropnia wewn\u0105trzustnego i drena\u017c od 250,00<\/li>\n<li>Zamkni\u0119cie po\u0142\u0105czenia ustno-zatokowego (zawiera znieczulenie i 2 wizyty kontrolne) od 300,00<\/li>\n<li>Plastyka w\u0119dzide\u0142ka wargi lub j\u0119zyka (zawiera znieczulenie i wizyt\u0119 kontroln\u0105) &#8211; 350,00<br \/>\n<hr \/>\n<p><strong>Protetyka<\/strong><\/li>\n<li>Podbudowa z\u0119ba na wk\u0142adzie z w\u0142\u00f3kna szklanego pod koron\u0119 protetyczn\u0105 (bez ceny wk\u0142adu) &#8211; 250,00<\/li>\n<li>korona kompozytowa wykonana bezpo\u015brednio &#8211; 800,00<\/li>\n<li>Korona porcelanowa na metalu CoCr &#8211; 1400,00<\/li>\n<li>Korona pe\u0142noceramiczna \/ na tlenku cyrkonu\/ Lic\u00f3wka &#8211; 1800,00<\/li>\n<li>Most adhezyjny kompozytowy na w\u0142\u00f3knie szklanym (1 punkt, zawiera wizyt\u0119 kontroln\u0105, korekt\u0119) od 1500,00<\/li>\n<li>Korona tymczasowa &#8211; 100,00<\/li>\n<li>Proteza cz\u0119\u015bciowa do 4 z\u0119b\u00f3w &#8211; 1100,00<\/li>\n<li>Proteza cz\u0119\u015bciowa 5 &#8211; 8 z\u0119b\u00f3w &#8211; 1200,00<\/li>\n<li>Proteza powy\u017cej 8 z\u0119b\u00f3w lub ca\u0142kowita &#8211; 1400,00<\/li>\n<li>Proteza szkieletowa &#8211; 2300,00 &#8211; 3000,00<\/li>\n<li>Naprawa protezy &#8211; od 350,00<\/li>\n<li>Szyna relaksacyjna z Erkoduru (w cenie 1 wizyta kontrolna do 30 dni od oddania) od 350,00<br \/>\n<hr \/>\n<p><strong>Stomatologia wieku rozwojowego<br \/>\n<\/strong><em>Cennik dotyczy uz\u0119bienia mlecznego (w przypadku z\u0119b\u00f3w sta\u0142ych obowi\u0105zuje cennik og\u00f3lny)<\/em><\/li>\n<li>Wizyta adaptacyjna &#8211; 150,00 &#8211; 200,00<\/li>\n<li><strong>Kolejna wizyta dziecka bez wykonania \u015bwiadczenia ze wzgl\u0119du na brak wsp\u00f3\u0142pracy ze strony pacjenta &#8211; 100,00 &#8211; 150,00<\/strong><\/li>\n<li>Wype\u0142nienie chemoutwardzalne w z\u0119bie mlecznym &#8211; 200,00 &#8211; 300,00<\/li>\n<li>Wype\u0142nienie \u015bwiat\u0142outwardzalne w kolorze z\u0119ba lub kolorowe &#8211; 250,00 &#8211; 350,00<\/li>\n<li>Leczenie kana\u0142owe z\u0119ba mlecznego &#8211; 300,00 &#8211; 500,00<\/li>\n<li><strong>Profilaktyka<\/strong><\/li>\n<li>Skaling naddzi\u0105s\u0142owy (ca\u0142e uz\u0119bienie, zawiera polerowanie i remineralizacj\u0119) od 250,00<\/li>\n<li>Piaskowanie (zawiera skaling, remineralizacj\u0119, polerowanie, instrukta\u017c, easypik, floser, pr\u00f3bk\u0119 pasty) od 400,00<\/li>\n<li>Lakowanie bruzd &#8211; cena za jeden z\u0105b &#8211; 150,00<\/li>\n<li>Lakierowanie wszystkich z\u0119b\u00f3w lakierem z fluorem &#8211; 150,00 &#8211; 200,00<\/li>\n<li>Wybielanie metod\u0105 nak\u0142adow\u0105 na szynach Erkopressu, lamp\u0105 BT Cool,\u00a0 bezpo\u015bredni\u0105 w gabinecie &#8211; 1200,00<\/li>\n<li>Wybielanie z\u0119ba martwego 1 wizyta (bez ceny wype\u0142nienia) &#8211; 200,00<\/li>\n<\/ul>\n<h3><strong>Szczeg\u00f3\u0142owy cennik wraz z warunkami gwarancji dost\u0119pny w rejestracji gabinetu.<\/strong><\/h3>\n<h2 style=\"font-size: 12px;\">Usuwanie z\u0119b\u00f3w Bytom<\/h2>\n<h2 style=\"font-size: 12px;\">Protetyka Bytom<\/h2>\n<h2 style=\"font-size: 12px;\">Leczenie doros\u0142ych Bytom<\/h2>\n","protected":false},"excerpt":{"rendered":"<p>\u00a0\u00a0\u00a0\u00a0\u00a0\u00a0\u00a0\u00a0\u00a0 Stomatologia zachowawcza Badanie lekarskie stom. pierwszorazowe z instrukta\u017cem higieny jamy ustnej i om\u00f3wieniem planu leczenia &#8211; 150,00 &#8211; 200,00 Opatrunek leczniczy w z\u0119bie sta\u0142ym lub mlecznym z opracowaniem &#8211; 150,00 &#8211; 250,00 Wype\u0142nienie \u015bwiat\u0142outwardzalne materia\u0142em kompozytowym zale\u017cnie od wielko\u015bci &#8211; 250,00 &#8211; 590,00 Odbudowa z\u0119ba kompozytem \u015bwiat\u0142outwardzalnym &#8211; 600,00 &#8211; 800,00 Licowanie\/poszerzanie z\u0119ba kompozytem [&hellip;]<\/p>\n","protected":false},"author":1,"featured_media":0,"parent":0,"menu_order":0,"comment_status":"closed","ping_status":"closed","template":"","meta":{"footnotes":""},"class_list":["post-21","page","type-page","status-publish","hentry"],"_links":{"self":[{"href":"https:\/\/diamanta.pl\/index.php\/wp-json\/wp\/v2\/pages\/21","targetHints":{"allow":["GET"]}}],"collection":[{"href":"https:\/\/diamanta.pl\/index.php\/wp-json\/wp\/v2\/pages"}],"about":[{"href":"https:\/\/diamanta.pl\/index.php\/wp-json\/wp\/v2\/types\/page"}],"author":[{"embeddable":true,"href":"https:\/\/diamanta.pl\/index.php\/wp-json\/wp\/v2\/users\/1"}],"replies":[{"embeddable":true,"href":"https:\/\/diamanta.pl\/index.php\/wp-json\/wp\/v2\/comments?post=21"}],"version-history":[{"count":0,"href":"https:\/\/diamanta.pl\/index.php\/wp-json\/wp\/v2\/pages\/21\/revisions"}],"wp:attachment":[{"href":"https:\/\/diamanta.pl\/index.php\/wp-json\/wp\/v2\/media?parent=21"}],"curies":[{"name":"wp","href":"https:\/\/api.w.org\/{rel}","templated":true}]}}