{"id":29,"date":"2015-09-11T21:33:28","date_gmt":"2015-09-11T21:33:28","guid":{"rendered":"http:\/\/agfsdxx.cluster121.hosting.ovh.net\/?page_id=29"},"modified":"2026-02-27T10:50:51","modified_gmt":"2026-02-27T10:50:51","slug":"stomatologia-start","status":"publish","type":"page","link":"https:\/\/diamanta.pl\/","title":{"rendered":"Stomatologia"},"content":{"rendered":"<p><span style=\"font-family: Helvetica;\"><span style=\"color: #616161;\">Nasz gabinet stomatologiczny Diamanta powsta\u0142 specjalnie dla Pa\u0144stwa.<br \/>\nOferujemy pacjentom us\u0142ugi w zakresie:<\/span><\/span><\/p>\n<ul>\n<li><span style=\"font-family: Helvetica;\"><span style=\"color: #616161;\">\u00a0stomatologii og\u00f3lnej i dzieci\u0119cej,<\/span><\/span><\/li>\n<li><span style=\"font-family: Helvetica;\"><span style=\"color: #616161;\">\u00a0protetyki,\u00a0\u00a0<\/span><\/span><\/li>\n<li><span style=\"font-family: Helvetica;\"><span style=\"color: #616161;\">\u00a0chirurgii stomatologicznej,<\/span><\/span><\/li>\n<li><span style=\"font-family: Helvetica;\"><span style=\"color: #616161;\">\u00a0profilaktyki,<\/span><\/span><\/li>\n<li><span style=\"font-family: Helvetica;\"><span style=\"color: #616161;\">elementarnej ortodoncji,<\/span><\/span><\/li>\n<li><span style=\"font-family: Helvetica;\"><span style=\"color: #616161;\">medycyny estetycznej<\/span><\/span><\/li>\n<\/ul>\n<p><span style=\"font-family: Helvetica;\"><span style=\"color: #616161;\">Posiadamy nowoczesny sprz\u0119t (radiowizjografi\u0119 przy ka\u017cdym stanowisku, kamery wewn\u0105trzustne,\u00a0<\/span><\/span><span style=\"font-family: Helvetica;\"><span style=\"color: #616161;\">kauter, mikrosilniki endodontyczne, endometry, mikroskopy, system B Obtura, FreeFill Denjoy, piaskark\u0119\u00a0do abrazji powietrznej Sandman, piaskarki profilaktyczne, lamp\u0119 do wybielania BT Cool), aparat tomograficzny Carestream 8100 3D do wykonywanie TOMOGRAFII STO\u017bKOWEJ oraz zdj\u0119\u0107 PANORAMICZNYCH , skaner wewn\u0105trzustny Carestream 3600 i stosujemy\u00a0wysokiej\u00a0jako\u015bci materia\u0142y stomatologiczne, aby zapewni\u0107 Pa\u0144stwu\u00a0jak najlepsze i najtrwalsze wyniki leczenia.\u00a0<\/span><\/span><span style=\"color: #616161; font-family: Helvetica;\">Zwracamy szczeg\u00f3ln\u0105 uwag\u0119 na poczucie komfortu pacjent\u00f3w\u00a0ma\u0142ych i du\u017cych.<\/span><\/p>\n<p><span style=\"font-family: Helvetica;\"><span style=\"color: #616161;\">Zapraszamy do zapoznania si\u0119 z naszymi us\u0142ugami i zespo\u0142em :<\/span><\/span><\/p>\n<h3 style=\"text-align: center; color: #741684;\">dr n. med. Agnieszka Sroczy\u0144ska,<\/h3>\n<h3 style=\"text-align: center; color: #741684;\">lek. dent. Kacper Gole\u0144,<\/h3>\n<h3 style=\"text-align: center; color: #741684;\">mgr Anna Sitarz &#8211; dypl. higienistka stomatologiczna,<\/h3>\n<h3 style=\"text-align: center; color: #741684;\">\u00a0Iwona Tomera &#8211; dypl. higienistka stomatologiczna,<\/h3>\n<h3 style=\"text-align: center; color: #741684;\">Magdalena Piper &#8211; dypl. higienistka stomatologiczna<\/h3>\n<h5 style=\"text-align: center; color: #741684;\">Rejestracja 09:00 &#8211; 16:00 pod nr tel. <strong>733 83\u00a0 44 64<\/strong><\/h5>\n<p><span style=\"color: #ff0000;\"><strong>\u00a0 \u00a0 \u00a0 \u00a0 \u00a0 \u00a0 \u00a0 \u00a0 \u00a0 \u00a0 \u00a0 \u00a0 \u00a0 \u00a0 \u00a0 \u00a0 \u00a0 \u00a0 \u00a0 \u00a0 \u00a0 \u00a0 \u00a0Parking pod gabinetem znajduje si\u0119 p\u0142atny parking, 1.godzina gratis.<\/strong><\/span><\/p>\n<h2 style=\"text-align: center; font-size: 15px;\">Stomatolog dla dzieci Bytom<\/h2>\n<h2 style=\"text-align: center; font-size: 15px;\">Dentysta dla dzieci Bytom<\/h2>\n<h2 style=\"text-align: center; font-size: 15px;\">Stomatolog Bytom<\/h2>\n<h2 style=\"text-align: center; font-size: 15px;\">Chirurgia stomatologiczna Bytom<\/h2>\n<h2 style=\"text-align: center; font-size: 15px;\">Dentysta Bytom<\/h2>\n<hr \/>\n<h6><span style=\"font-family: Helvetica;\"><i>Najpi\u0119kniejsze, co jest na \u015bwiecie, to pogodne oblicze.<br \/>\n<\/i><br \/>\n<wbr \/>\u00a0\u00a0\u00a0\u00a0\u00a0\u00a0\u00a0\u00a0\u00a0\u00a0\u00a0\u00a0\u00a0\u00a0 \u00a0 \u00a0 \u00a0 \u00a0 \u00a0 \u00a0 \u00a0 \u00a0 \u00a0 \u00a0 \u00a0 \u00a0 \u00a0 \u00a0 \u00a0 \u00a0 \u00a0 \u00a0 \u00a0 \u00a0\u00a0 Albert Einstein<\/span><\/h6>\n","protected":false},"excerpt":{"rendered":"<p>Nasz gabinet stomatologiczny Diamanta powsta\u0142 specjalnie dla Pa\u0144stwa. Oferujemy pacjentom us\u0142ugi w zakresie: \u00a0stomatologii og\u00f3lnej i dzieci\u0119cej, \u00a0protetyki,\u00a0\u00a0 \u00a0chirurgii stomatologicznej, \u00a0profilaktyki, elementarnej ortodoncji, medycyny estetycznej Posiadamy nowoczesny sprz\u0119t (radiowizjografi\u0119 przy ka\u017cdym stanowisku, kamery wewn\u0105trzustne,\u00a0kauter, mikrosilniki endodontyczne, endometry, mikroskopy, system B Obtura, FreeFill Denjoy, piaskark\u0119\u00a0do abrazji powietrznej Sandman, piaskarki profilaktyczne, lamp\u0119 do wybielania BT Cool), aparat [&hellip;]<\/p>\n","protected":false},"author":1,"featured_media":0,"parent":0,"menu_order":0,"comment_status":"closed","ping_status":"closed","template":"","meta":{"footnotes":""},"class_list":["post-29","page","type-page","status-publish","hentry"],"_links":{"self":[{"href":"https:\/\/diamanta.pl\/index.php\/wp-json\/wp\/v2\/pages\/29","targetHints":{"allow":["GET"]}}],"collection":[{"href":"https:\/\/diamanta.pl\/index.php\/wp-json\/wp\/v2\/pages"}],"about":[{"href":"https:\/\/diamanta.pl\/index.php\/wp-json\/wp\/v2\/types\/page"}],"author":[{"embeddable":true,"href":"https:\/\/diamanta.pl\/index.php\/wp-json\/wp\/v2\/users\/1"}],"replies":[{"embeddable":true,"href":"https:\/\/diamanta.pl\/index.php\/wp-json\/wp\/v2\/comments?post=29"}],"version-history":[{"count":0,"href":"https:\/\/diamanta.pl\/index.php\/wp-json\/wp\/v2\/pages\/29\/revisions"}],"wp:attachment":[{"href":"https:\/\/diamanta.pl\/index.php\/wp-json\/wp\/v2\/media?parent=29"}],"curies":[{"name":"wp","href":"https:\/\/api.w.org\/{rel}","templated":true}]}}