{"id":389,"date":"2024-08-28T04:57:41","date_gmt":"2024-08-28T04:57:41","guid":{"rendered":"http:\/\/agfsdxx.cluster121.hosting.ovh.net\/?page_id=389"},"modified":"2024-08-28T04:57:42","modified_gmt":"2024-08-28T04:57:42","slug":"polityka-prywatnosci","status":"publish","type":"page","link":"https:\/\/diamanta.pl\/index.php\/polityka-prywatnosci\/","title":{"rendered":"Polityka prywatno\u015bci"},"content":{"rendered":"\n\n\n<ol>\n<li style=\"font-weight: 400;\" aria-level=\"1\"><span style=\"font-weight: 400;\">Informuj\u0119, \u017ce administratorem Pani\/Pana danych osobowych jest\u00a0<\/span><b>Agnieszka Sroczy\u0144ska prowadz\u0105ca dzia\u0142alno\u015b\u0107 gospodarcz\u0105 pod firm\u0105 Stomatologa, Medycyna Estetyczna Diamanta dr n.med. Agnieszka Sroczy\u0144ska NIP:6262469178 ul. Zabrza\u0144ska 30, 41-907 Bytom (dalej zwana: Gabinetem).<\/b><\/li>\n<li style=\"font-weight: 400;\" aria-level=\"1\"><span style=\"font-weight: 400;\">Z gabinetem mo\u017ce Pani\/Pan skontaktowa\u0107 za pomoc\u0105 poczty tradycyjnej pod powy\u017cej podanym adresem, telefonicznie pod numerem 733834464 lub za po\u015brednictwem poczty elektronicznej <\/span><a href=\"mailto:gabinet@diamanta.pl\"><span style=\"font-weight: 400;\">gabinet@diamanta.pl<\/span><\/a><span style=\"font-weight: 400;\">\u00a0<\/span><\/li>\n<li style=\"font-weight: 400;\" aria-level=\"1\"><span style=\"font-weight: 400;\">Przetwarzanie danych osobowych nast\u0119puje na podstawie ustawy z dnia 6 listopada 2008 r.o prawach pacjenta i Rzeczniku Praw Pacjenta (Dz.U.z 2024 r.poz.581) w zakresie w jakim dotyczy przetwarzania danych osobowych w zwi\u0105zku z us\u0142ug\u0105 stomatologiczn\u0105 lub us\u0142ug\u0105 z zakresu medycyny estetycznej.\u00a0<\/span><\/li>\n<li style=\"font-weight: 400;\" aria-level=\"1\"><span style=\"font-weight: 400;\">Pani\/Pana dane b\u0119d\u0105 przetwarzana wy\u0142\u0105cznie w celu zawarcia umowy o \u015bwiadczenie us\u0142ugi stomatologicznej lub us\u0142ug z zakresu medycyny estetycznej oraz jej realizacji.<\/span><\/li>\n<li style=\"font-weight: 400;\" aria-level=\"1\"><span style=\"font-weight: 400;\">Przetwarzane dane osobowe obejmuj\u0105 wszelkie udost\u0119pnione przez Pani\u0105\/Pana w kontakcie z Gabinetem dane takie jak przede wszystkim: imi\u0119, nazwisko, adres zamieszkania, adres do korespondencji, adres e-mail, numer telefonu.<\/span><\/li>\n<li style=\"font-weight: 400;\" aria-level=\"1\"><span style=\"font-weight: 400;\">Zakres przetwarzanych danych osobowych wyznacza art.25 ustawy z dnia 6 listopada 2008 r.o prawach pacjenta i Rzeczniku Praw Pacjenta (Dz.U.z 2024r.poz.581).<\/span><\/li>\n<li style=\"font-weight: 400;\" aria-level=\"1\"><span style=\"font-weight: 400;\">Pani\/Pana dane b\u0119d\u0105 przechowywane przez okres niezb\u0119dny dla prawid\u0142owego wykonania umowy, nie d\u0142u\u017cej jednak ni\u017c do przedawnienia dochodzenia roszczenia lub zatarcia skazania. Jednak okres ten nie mo\u017ce by\u0107 kr\u00f3tszy ni\u017c 20 lat, zgodnie z art. 29 ust.1 ustawy z dnia 6 listopada 2008 r.o prawach pacjenta i Rzeczniku Praw Pacjenta (Dz.U.z 2024r.poz.581).\u00a0<\/span><\/li>\n<li style=\"font-weight: 400;\" aria-level=\"1\"><span style=\"font-weight: 400;\">Informuj\u0119, \u017ce w ka\u017cdej chwili przys\u0142uguje Pani\/Panu prawo do wniesienia sprzeciwu wobec przetwarzania Pani\/Pana danych w celu wskazanym powy\u017cej. Ponadto, przys\u0142uguje Pani\/Panu prawo do dost\u0119pu do swoich danych oraz otrzymania ich kopii, sprostowania, \u017c\u0105dania usuni\u0119cia, ograniczenia lub wniesienia sprzeciwu wobec ich przetwarzania, przenoszenia danych, wniesienia skargi do organu nadzorczego.<\/span><\/li>\n<li style=\"font-weight: 400;\" aria-level=\"1\"><span style=\"font-weight: 400;\">O\u015bwiadczam, \u017ce Pani\/Pana dane osobowe mog\u0105 zosta\u0107 przekazywane wy\u0142\u0105cznie pracownikom, na kt\u00f3rych przepisy nak\u0142adaj\u0105 obowi\u0105zek zachowania tajemnicy lub pracownikom, kt\u00f3rym powierzono pisemnie przetwarzanie danych osobowych i kt\u00f3rzy ponosz\u0105 odpowiedzialno\u015b\u0107 za naruszenie zasad przetwarzania. Ponadto, Pana\/Pani dane mog\u0105 by\u0107 udost\u0119pniane podwykonawcom Gabinetu, takim jak np.: podmiotom prowadz\u0105cym dzia\u0142alno\u015b\u0107 pocztow\u0105 czy kuriersk\u0105, dostawcom us\u0142ug teleinformatycznych, prawnikom, podmiotom zapewniaj\u0105cym dzia\u0142anie narz\u0119dzi informatycznych, biurom rachunkowym, bankom, a tak\u017ce wszelkim podmiotom, organom i urz\u0119dom w zakresie niezb\u0119dnym do zrealizowania us\u0142ugi stomatologicznej lub us\u0142ugi z zakresu medycyny estetycznej.<\/span><\/li>\n<li style=\"font-weight: 400;\" aria-level=\"1\"><span style=\"font-weight: 400;\">Podanie danych jest dobrowolne, jednak niezb\u0119dne do nawi\u0105zania kontaktu z Gabinetem oraz zlecenia us\u0142ugi.<\/span><\/li>\n<\/ol>\n<p>\u00a0<\/p>\n","protected":false},"excerpt":{"rendered":"<p>Informuj\u0119, \u017ce administratorem Pani\/Pana danych osobowych jest\u00a0Agnieszka Sroczy\u0144ska prowadz\u0105ca dzia\u0142alno\u015b\u0107 gospodarcz\u0105 pod firm\u0105 Stomatologa, Medycyna Estetyczna Diamanta dr n.med. Agnieszka Sroczy\u0144ska NIP:6262469178 ul. Zabrza\u0144ska 30, 41-907 Bytom (dalej zwana: Gabinetem). Z gabinetem mo\u017ce Pani\/Pan skontaktowa\u0107 za pomoc\u0105 poczty tradycyjnej pod powy\u017cej podanym adresem, telefonicznie pod numerem 733834464 lub za po\u015brednictwem poczty elektronicznej gabinet@diamanta.pl\u00a0 Przetwarzanie danych [&hellip;]<\/p>\n","protected":false},"author":2,"featured_media":0,"parent":0,"menu_order":0,"comment_status":"closed","ping_status":"closed","template":"","meta":{"footnotes":""},"class_list":["post-389","page","type-page","status-publish","hentry"],"_links":{"self":[{"href":"https:\/\/diamanta.pl\/index.php\/wp-json\/wp\/v2\/pages\/389","targetHints":{"allow":["GET"]}}],"collection":[{"href":"https:\/\/diamanta.pl\/index.php\/wp-json\/wp\/v2\/pages"}],"about":[{"href":"https:\/\/diamanta.pl\/index.php\/wp-json\/wp\/v2\/types\/page"}],"author":[{"embeddable":true,"href":"https:\/\/diamanta.pl\/index.php\/wp-json\/wp\/v2\/users\/2"}],"replies":[{"embeddable":true,"href":"https:\/\/diamanta.pl\/index.php\/wp-json\/wp\/v2\/comments?post=389"}],"version-history":[{"count":0,"href":"https:\/\/diamanta.pl\/index.php\/wp-json\/wp\/v2\/pages\/389\/revisions"}],"wp:attachment":[{"href":"https:\/\/diamanta.pl\/index.php\/wp-json\/wp\/v2\/media?parent=389"}],"curies":[{"name":"wp","href":"https:\/\/api.w.org\/{rel}","templated":true}]}}